{"id":530,"date":"2021-04-23T12:44:55","date_gmt":"2021-04-23T10:44:55","guid":{"rendered":"http:\/\/ico-sport.com\/?post_type=product&#038;p=530"},"modified":"2021-08-13T15:57:21","modified_gmt":"2021-08-13T13:57:21","slug":"black-visor","status":"publish","type":"product","link":"https:\/\/ico-sport.com\/index.php\/produit\/black-visor\/","title":{"rendered":"Black Visor"},"content":{"rendered":"<p>La nouvelle visi\u00e8re Aquaman &#8220;Race Visor&#8221;<\/p>\n<p>Ces visi\u00e8res sont id\u00e9ales pour les coureurs et les triathl\u00e8tes ; elle vous prot\u00e8ge contre le soleil.<br \/>\nLa bande \u00e9lastique permet un ajustement parfait et confortable \u00e0 la t\u00eate. La doublure absorbante et \u00e0 s\u00e9chage rapide emp\u00eache la transpiration de tomber sur les yeux.<\/p>\n","protected":false},"excerpt":{"rendered":"<p>La nouvelle visi\u00e8re Aquaman &#8220;Race Visor&#8221; Ces visi\u00e8res sont id\u00e9ales pour les coureurs et les triathl\u00e8tes ; elle vous prot\u00e8ge contre le soleil. La bande \u00e9lastique permet un ajustement parfait et confortable \u00e0 la t\u00eate. La doublure absorbante et \u00e0 s\u00e9chage rapide emp\u00eache la transpiration de tomber sur les yeux.<\/p>\n","protected":false},"featured_media":467,"comment_status":"open","ping_status":"closed","template":"","meta":[],"product_cat":[61],"product_tag":[],"_links":{"self":[{"href":"https:\/\/ico-sport.com\/index.php\/wp-json\/wp\/v2\/product\/530"}],"collection":[{"href":"https:\/\/ico-sport.com\/index.php\/wp-json\/wp\/v2\/product"}],"about":[{"href":"https:\/\/ico-sport.com\/index.php\/wp-json\/wp\/v2\/types\/product"}],"replies":[{"embeddable":true,"href":"https:\/\/ico-sport.com\/index.php\/wp-json\/wp\/v2\/comments?post=530"}],"wp:featuredmedia":[{"embeddable":true,"href":"https:\/\/ico-sport.com\/index.php\/wp-json\/wp\/v2\/media\/467"}],"wp:attachment":[{"href":"https:\/\/ico-sport.com\/index.php\/wp-json\/wp\/v2\/media?parent=530"}],"wp:term":[{"taxonomy":"product_cat","embeddable":true,"href":"https:\/\/ico-sport.com\/index.php\/wp-json\/wp\/v2\/product_cat?post=530"},{"taxonomy":"product_tag","embeddable":true,"href":"https:\/\/ico-sport.com\/index.php\/wp-json\/wp\/v2\/product_tag?post=530"}],"curies":[{"name":"wp","href":"https:\/\/api.w.org\/{rel}","templated":true}]}}