{"id":213,"date":"2020-11-15T16:47:56","date_gmt":"2020-11-15T15:47:56","guid":{"rendered":"http:\/\/ico-sport.com\/index.php\/boutique\/"},"modified":"2021-08-04T17:42:21","modified_gmt":"2021-08-04T15:42:21","slug":"store","status":"publish","type":"page","link":"https:\/\/ico-sport.com\/index.php\/store\/","title":{"rendered":"Aquaman Store"},"content":{"rendered":"\n<p>Cr\u00e9\u00e9 en France en 1984, <strong>Aquaman<\/strong> est l&#8217;inventeur de la combinaison de nage en eau libre et de triathlon. Le m\u00e9lange parfait entre la performance, la qualit\u00e9 afin d&#8217;accompagner la performance. Ces combinaisons sont fabriqu\u00e9es en <strong>Yamamoto 39 et Giga 40<\/strong> pour une meilleure flexibilit\u00e9. <\/p>\n\n\n\n<p>Created in 1984 in France, <strong>Aquaman<\/strong> is inventor of open water and triathlon wetsuit. <strong>Aquaman<\/strong> is the best mix with performance and quality to assist human performance. Wetsuits made only with <strong>Yamamoto<\/strong> neoprene with a maximum flexibility &#8211; Yamamoto #39 and Giga #40. <\/p>\n\n\n\n<figure class=\"wp-block-image size-large\"><img loading=\"lazy\" width=\"1024\" height=\"505\" src=\"http:\/\/ico-sport.com\/wp-content\/uploads\/2021\/04\/4-Combinaisons-2021-1024x505.jpg\" alt=\"\" class=\"wp-image-527\" srcset=\"https:\/\/ico-sport.com\/wp-content\/uploads\/2021\/04\/4-Combinaisons-2021-1024x505.jpg 1024w, https:\/\/ico-sport.com\/wp-content\/uploads\/2021\/04\/4-Combinaisons-2021-300x148.jpg 300w, https:\/\/ico-sport.com\/wp-content\/uploads\/2021\/04\/4-Combinaisons-2021-768x379.jpg 768w, https:\/\/ico-sport.com\/wp-content\/uploads\/2021\/04\/4-Combinaisons-2021-1536x758.jpg 1536w, https:\/\/ico-sport.com\/wp-content\/uploads\/2021\/04\/4-Combinaisons-2021-2048x1011.jpg 2048w, https:\/\/ico-sport.com\/wp-content\/uploads\/2021\/04\/4-Combinaisons-2021-1170x577.jpg 1170w, https:\/\/ico-sport.com\/wp-content\/uploads\/2021\/04\/4-Combinaisons-2021-600x296.jpg 600w\" sizes=\"(max-width: 1024px) 100vw, 1024px\" \/><\/figure>\n\n\n\n<p><strong>Les frais de port offerts<\/strong> \u00e0 partir de <strong>100 euros de<\/strong> commande.<\/p>\n\n\n\n<p>We offer&nbsp;<strong>free shipping&nbsp;<\/strong>on all&nbsp;orders over&nbsp;<strong>100 Euros.<\/strong><\/p>\n\n\n\n<p><\/p>\n\n\n\n<p>For further detail, don&#8217;t hesitate to contact product support : <a href=\"https:\/\/ico-sport.com\/index.php\/contact\/\">here<\/a><\/p>\n","protected":false},"excerpt":{"rendered":"<p>Cr\u00e9\u00e9 en France en 1984, Aquaman est l&#8217;inventeur de la combinaison de nage en eau libre et de triathlon. Le m\u00e9lange parfait entre la performance, la qualit\u00e9 afin d&#8217;accompagner la performance. Ces combinaisons sont fabriqu\u00e9es en Yamamoto 39 et Giga 40 pour une meilleure flexibilit\u00e9. Created in 1984 in France,<\/p>\n","protected":false},"author":1,"featured_media":544,"parent":0,"menu_order":0,"comment_status":"closed","ping_status":"closed","template":"","meta":[],"_links":{"self":[{"href":"https:\/\/ico-sport.com\/index.php\/wp-json\/wp\/v2\/pages\/213"}],"collection":[{"href":"https:\/\/ico-sport.com\/index.php\/wp-json\/wp\/v2\/pages"}],"about":[{"href":"https:\/\/ico-sport.com\/index.php\/wp-json\/wp\/v2\/types\/page"}],"author":[{"embeddable":true,"href":"https:\/\/ico-sport.com\/index.php\/wp-json\/wp\/v2\/users\/1"}],"replies":[{"embeddable":true,"href":"https:\/\/ico-sport.com\/index.php\/wp-json\/wp\/v2\/comments?post=213"}],"version-history":[{"count":14,"href":"https:\/\/ico-sport.com\/index.php\/wp-json\/wp\/v2\/pages\/213\/revisions"}],"predecessor-version":[{"id":555,"href":"https:\/\/ico-sport.com\/index.php\/wp-json\/wp\/v2\/pages\/213\/revisions\/555"}],"wp:featuredmedia":[{"embeddable":true,"href":"https:\/\/ico-sport.com\/index.php\/wp-json\/wp\/v2\/media\/544"}],"wp:attachment":[{"href":"https:\/\/ico-sport.com\/index.php\/wp-json\/wp\/v2\/media?parent=213"}],"curies":[{"name":"wp","href":"https:\/\/api.w.org\/{rel}","templated":true}]}}